{"id":546,"date":"2025-07-04T11:42:38","date_gmt":"2025-07-04T09:42:38","guid":{"rendered":"https:\/\/nanosilk.sinapps.it\/?page_id=546"},"modified":"2025-11-20T13:20:44","modified_gmt":"2025-11-20T12:20:44","slug":"where-we-are","status":"publish","type":"page","link":"https:\/\/nanosilk.sinapps.it\/en\/dove-siamo\/","title":{"rendered":"Contact us"},"content":{"rendered":"\t\t<div data-elementor-type=\"wp-page\" data-elementor-id=\"546\" class=\"elementor elementor-546\" data-elementor-post-type=\"page\">\n\t\t\t\t<div class=\"elementor-element elementor-element-5ad61b5 e-flex e-con-boxed elementor-invisible e-con e-parent\" data-id=\"5ad61b5\" data-element_type=\"container\" data-e-type=\"container\" data-settings=\"{&quot;background_background&quot;:&quot;classic&quot;,&quot;animation&quot;:&quot;fadeIn&quot;}\">\n\t\t\t\t\t<div class=\"e-con-inner\">\n\t\t\t\t<div class=\"elementor-element elementor-element-74dd75d elementor-widget elementor-widget-heading\" data-id=\"74dd75d\" data-element_type=\"widget\" data-e-type=\"widget\" data-widget_type=\"heading.default\">\n\t\t\t\t<div class=\"elementor-widget-container\">\n\t\t\t\t\t<h2 class=\"elementor-heading-title elementor-size-default\">Trova il Punto Vendita  <span>Nanosilk<\/span> <br>\npi\u00f9 vicino a te<\/h2>\t\t\t\t<\/div>\n\t\t\t\t<\/div>\n\t\t\t\t<div class=\"elementor-element elementor-element-a505e0c elementor-widget elementor-widget-text-editor\" data-id=\"a505e0c\" data-element_type=\"widget\" data-e-type=\"widget\" data-widget_type=\"text-editor.default\">\n\t\t\t\t<div class=\"elementor-widget-container\">\n\t\t\t\t\t\t\t\t\t<p>Trova la localit\u00e0 pi\u00f9 vicina a te e unisciti a chi ha gi\u00e0 scelto il meglio per la cura dei capelli.<\/p>\t\t\t\t\t\t\t\t<\/div>\n\t\t\t\t<\/div>\n\t\t\t\t<div class=\"elementor-element elementor-element-f301ac4 elementor-widget elementor-widget-shortcode\" data-id=\"f301ac4\" data-element_type=\"widget\" data-e-type=\"widget\" data-widget_type=\"shortcode.default\">\n\t\t\t\t<div class=\"elementor-widget-container\">\n\t\t\t\t\t\t\t<div class=\"elementor-shortcode\"><style>\r\n\t#wpsl-stores, #wpsl-direction-details, #wpsl-gmap {height:600px !important;}\r\n\t#wpsl-gmap .wpsl-info-window {max-width:225px !important;}\r\n\t.wpsl-input label, #wpsl-radius label, #wpsl-category label {width:150px;}\r\n\t#wpsl-search-input  {width:179px;}\r\n<\/style>\r\n<div id=\"wpsl-wrap\">\r\n\t<div class=\"wpsl-search wpsl-clearfix \">\r\n\t\t<div id=\"wpsl-search-wrap\">\r\n\t\t\t<form autocomplete=\"off\">\r\n\t\t\t<div class=\"wpsl-input\">\r\n\t\t\t\t<div><label for=\"wpsl-search-input\">La tua posizione<\/label><\/div>\r\n\t\t\t\t<input id=\"wpsl-search-input\" type=\"text\" value=\"\" name=\"wpsl-search-input\" placeholder=\"\" aria-required=\"true\" \/>\r\n\t\t\t<\/div>\r\n\t\t\t<div class=\"wpsl-select-wrap\">\r\n\t\t\t\t<div id=\"wpsl-radius\">\r\n\t\t\t\t\t<label for=\"wpsl-radius-dropdown\">Distanza di ricerca<\/label>\r\n\t\t\t\t\t<select id=\"wpsl-radius-dropdown\" class=\"wpsl-dropdown\" name=\"wpsl-radius\">\r\n\t\t\t\t\t\t<option value=\"10\">10 km<\/option><option value=\"25\">25 km<\/option><option selected=\"selected\" value=\"50\">50 km<\/option><option value=\"100\">100 km<\/option><option value=\"200\">200 km<\/option><option value=\"500\">500 km<\/option>\r\n\t\t\t\t\t<\/select>\r\n\t\t\t\t<\/div>\r\n\t\t\t\t<div id=\"wpsl-results\">\r\n\t\t\t\t\t<label for=\"wpsl-results-dropdown\">Risultati<\/label>\r\n\t\t\t\t\t<select id=\"wpsl-results-dropdown\" class=\"wpsl-dropdown\" name=\"wpsl-results\">\r\n\t\t\t\t\t\t<option selected=\"selected\" value=\"25\">25<\/option><option value=\"50\">50<\/option><option value=\"75\">75<\/option><option value=\"100\">100<\/option>\r\n\t\t\t\t\t<\/select>\r\n\t\t\t\t<\/div>\r\n\t\t\t<\/div>\r\n\t\t\t\t<div class=\"wpsl-search-btn-wrap\"><input id=\"wpsl-search-btn\" type=\"submit\" value=\"Cerca\"><\/div>\r\n\t\t<\/form>\r\n\t\t<\/div>\r\n\t<\/div>\r\n\t<div id=\"wpsl-gmap\" class=\"wpsl-gmap-canvas\"><\/div>\r\n\t<div id=\"wpsl-result-list\">\r\n\t\t<div id=\"wpsl-stores\" >\r\n\t\t\t<ul><\/ul>\r\n\t\t<\/div>\r\n\t\t<div id=\"wpsl-direction-details\">\r\n\t\t\t<ul><\/ul>\r\n\t\t<\/div>\r\n\t<\/div>\r\n<\/div>\r\n<\/div>\n\t\t\t\t\t\t<\/div>\n\t\t\t\t<\/div>\n\t\t\t\t\t<\/div>\n\t\t\t\t<\/div>\n\t\t<div class=\"elementor-element elementor-element-114984e e-flex e-con-boxed elementor-invisible e-con e-parent\" data-id=\"114984e\" data-element_type=\"container\" data-e-type=\"container\" data-settings=\"{&quot;background_background&quot;:&quot;classic&quot;,&quot;animation&quot;:&quot;fadeIn&quot;}\">\n\t\t\t\t\t<div class=\"e-con-inner\">\n\t\t<div class=\"elementor-element elementor-element-d549f15 e-con-full e-flex e-con e-child\" data-id=\"d549f15\" data-element_type=\"container\" data-e-type=\"container\">\n\t\t\t\t<div class=\"elementor-element elementor-element-a2103fd elementor-widget elementor-widget-heading\" data-id=\"a2103fd\" data-element_type=\"widget\" data-e-type=\"widget\" data-widget_type=\"heading.default\">\n\t\t\t\t<div class=\"elementor-widget-container\">\n\t\t\t\t\t<h2 class=\"elementor-heading-title elementor-size-default\">Scrivici<\/h2>\t\t\t\t<\/div>\n\t\t\t\t<\/div>\n\t\t\t\t<div class=\"elementor-element elementor-element-3d24ac4 elementor-button-align-stretch elementor-widget elementor-widget-form\" data-id=\"3d24ac4\" data-element_type=\"widget\" data-e-type=\"widget\" data-settings=\"{&quot;button_width&quot;:&quot;33&quot;,&quot;step_next_label&quot;:&quot;Successivo&quot;,&quot;step_previous_label&quot;:&quot;Precedente&quot;,&quot;step_type&quot;:&quot;number_text&quot;,&quot;step_icon_shape&quot;:&quot;circle&quot;}\" data-widget_type=\"form.default\">\n\t\t\t\t<div class=\"elementor-widget-container\">\n\t\t\t\t\t\t\t<form class=\"elementor-form\" method=\"post\" id=\"modulo_contatti\" name=\"Modulo contatti\" aria-label=\"Modulo contatti\">\n\t\t\t<input type=\"hidden\" name=\"post_id\" value=\"546\"\/>\n\t\t\t<input type=\"hidden\" name=\"form_id\" value=\"3d24ac4\"\/>\n\t\t\t<input type=\"hidden\" name=\"referer_title\" value=\"Dove siamo | Nanosilk: Nanoplastia Professionale\" \/>\n\n\t\t\t\t\t\t\t<input type=\"hidden\" name=\"queried_id\" value=\"546\"\/>\n\t\t\t\n\t\t\t<div class=\"elementor-form-fields-wrapper elementor-labels-\">\n\t\t\t\t\t\t\t\t<div class=\"elementor-field-type-text elementor-field-group elementor-column elementor-field-group-name elementor-col-50\">\n\t\t\t\t\t\t\t\t\t\t\t\t<label for=\"form-field-name\" class=\"elementor-field-label elementor-screen-only\">\n\t\t\t\t\t\t\t\tNome\t\t\t\t\t\t\t<\/label>\n\t\t\t\t\t\t\t\t\t\t\t\t\t\t<input size=\"1\" type=\"text\" name=\"form_fields[name]\" id=\"form-field-name\" class=\"elementor-field elementor-size-sm  elementor-field-textual\" placeholder=\"Nome\">\n\t\t\t\t\t\t\t\t\t\t\t<\/div>\n\t\t\t\t\t\t\t\t<div class=\"elementor-field-type-email elementor-field-group elementor-column elementor-field-group-email elementor-col-50 elementor-field-required\">\n\t\t\t\t\t\t\t\t\t\t\t\t<label for=\"form-field-email\" class=\"elementor-field-label elementor-screen-only\">\n\t\t\t\t\t\t\t\tEmail\t\t\t\t\t\t\t<\/label>\n\t\t\t\t\t\t\t\t\t\t\t\t\t\t<input size=\"1\" type=\"email\" name=\"form_fields[email]\" id=\"form-field-email\" class=\"elementor-field elementor-size-sm  elementor-field-textual\" placeholder=\"Email\" required=\"required\">\n\t\t\t\t\t\t\t\t\t\t\t<\/div>\n\t\t\t\t\t\t\t\t<div class=\"elementor-field-type-tel elementor-field-group elementor-column elementor-field-group-field_de7f91f elementor-col-100\">\n\t\t\t\t\t\t\t\t\t\t\t\t<label for=\"form-field-field_de7f91f\" class=\"elementor-field-label elementor-screen-only\">\n\t\t\t\t\t\t\t\tNumero di telefono\t\t\t\t\t\t\t<\/label>\n\t\t\t\t\t\t\t\t<input size=\"1\" type=\"tel\" name=\"form_fields[field_de7f91f]\" id=\"form-field-field_de7f91f\" class=\"elementor-field elementor-size-sm  elementor-field-textual\" placeholder=\"Numero di telefono\" pattern=\"[0-9()#&amp;+*-=.]+\" title=\"Sono accettati solo numeri e caratteri telefonici (#, -, *, ecc.).\">\n\n\t\t\t\t\t\t<\/div>\n\t\t\t\t\t\t\t\t<div class=\"elementor-field-type-textarea elementor-field-group elementor-column elementor-field-group-message elementor-col-100\">\n\t\t\t\t\t\t\t\t\t\t\t\t<label for=\"form-field-message\" class=\"elementor-field-label elementor-screen-only\">\n\t\t\t\t\t\t\t\tMessaggio\t\t\t\t\t\t\t<\/label>\n\t\t\t\t\t\t<textarea class=\"elementor-field-textual elementor-field  elementor-size-sm\" name=\"form_fields[message]\" id=\"form-field-message\" rows=\"4\" placeholder=\"Messaggio\"><\/textarea>\t\t\t\t<\/div>\n\t\t\t\t\t\t\t\t<div class=\"elementor-field-type-acceptance elementor-field-group elementor-column elementor-field-group-field_27c07be elementor-col-100\">\n\t\t\t\t\t\t\t\t\t\t\t\t<label for=\"form-field-field_27c07be\" class=\"elementor-field-label elementor-screen-only\">\n\t\t\t\t\t\t\t\tAccettazione\t\t\t\t\t\t\t<\/label>\n\t\t\t\t\t\t\t\t<div class=\"elementor-field-subgroup\">\n\t\t\t<span class=\"elementor-field-option\">\n\t\t\t\t<input type=\"checkbox\" name=\"form_fields[field_27c07be]\" id=\"form-field-field_27c07be\" class=\"elementor-field elementor-size-sm  elementor-acceptance-field\">\n\t\t\t\t<label for=\"form-field-field_27c07be\">Ho letto e accetto l'informativa sulla privacy<\/label>\t\t\t<\/span>\n\t\t<\/div>\n\t\t\t\t\t\t<\/div>\n\t\t\t\t\t\t\t\t<div class=\"elementor-field-group elementor-column elementor-field-type-submit elementor-col-33 e-form__buttons\">\n\t\t\t\t\t<button class=\"elementor-button elementor-size-sm\" type=\"submit\">\n\t\t\t\t\t\t<span class=\"elementor-button-content-wrapper\">\n\t\t\t\t\t\t\t\t\t\t\t\t\t\t\t\t\t\t\t\t\t\t<span class=\"elementor-button-text\">Invia<\/span>\n\t\t\t\t\t\t\t\t\t\t\t\t\t<\/span>\n\t\t\t\t\t<\/button>\n\t\t\t\t<\/div>\n\t\t\t<\/div>\n\t\t<\/form>\n\t\t\t\t\t\t<\/div>\n\t\t\t\t<\/div>\n\t\t\t\t<\/div>\n\t\t<div class=\"elementor-element elementor-element-e108064 e-con-full e-flex e-con e-child\" data-id=\"e108064\" data-element_type=\"container\" data-e-type=\"container\">\n\t\t\t\t<div class=\"elementor-element elementor-element-791d4e9 elementor-widget elementor-widget-heading\" data-id=\"791d4e9\" data-element_type=\"widget\" data-e-type=\"widget\" data-widget_type=\"heading.default\">\n\t\t\t\t<div class=\"elementor-widget-container\">\n\t\t\t\t\t<h2 class=\"elementor-heading-title elementor-size-default\">Contattaci<\/h2>\t\t\t\t<\/div>\n\t\t\t\t<\/div>\n\t\t\t\t<div class=\"elementor-element elementor-element-e470dcc elementor-widget elementor-widget-text-editor\" data-id=\"e470dcc\" data-element_type=\"widget\" data-e-type=\"widget\" data-widget_type=\"text-editor.default\">\n\t\t\t\t<div class=\"elementor-widget-container\">\n\t\t\t\t\t\t\t\t\t<p>info@nanosilk.it<br \/>3514630201<\/p>\t\t\t\t\t\t\t\t<\/div>\n\t\t\t\t<\/div>\n\t\t\t\t<\/div>\n\t\t\t\t\t<\/div>\n\t\t\t\t<\/div>\n\t\t<div class=\"elementor-element elementor-element-32fb6266 e-flex e-con-boxed e-con e-parent\" data-id=\"32fb6266\" data-element_type=\"container\" data-e-type=\"container\" data-settings=\"{&quot;background_background&quot;:&quot;classic&quot;}\">\n\t\t\t\t\t<div class=\"e-con-inner\">\n\t\t\t\t<div class=\"elementor-element elementor-element-104708a3 elementor-widget elementor-widget-heading\" data-id=\"104708a3\" data-element_type=\"widget\" data-e-type=\"widget\" data-widget_type=\"heading.default\">\n\t\t\t\t<div class=\"elementor-widget-container\">\n\t\t\t\t\t<h3 class=\"elementor-heading-title elementor-size-default\">Ricevi il 10% di sconto sul tuo primo ordine<\/h3>\t\t\t\t<\/div>\n\t\t\t\t<\/div>\n\t\t\t\t<div class=\"elementor-element elementor-element-5f201d4d elementor-widget elementor-widget-text-editor\" data-id=\"5f201d4d\" data-element_type=\"widget\" data-e-type=\"widget\" data-widget_type=\"text-editor.default\">\n\t\t\t\t<div class=\"elementor-widget-container\">\n\t\t\t\t\t\t\t\t\t<p><span data-sheets-root=\"1\">Rimani aggiornata su offerte esclusive, <br \/>novit\u00e0 in anteprima e consigli haircare firmati Nanosilk.<\/span><\/p>\t\t\t\t\t\t\t\t<\/div>\n\t\t\t\t<\/div>\n\t\t\t\t<div class=\"elementor-element elementor-element-29c65e2 fluent-form-widget-step-header-yes fluent-form-widget-step-progressbar-yes fluentform-widget-submit-button-custom elementor-widget elementor-widget-fluent-form-widget\" data-id=\"29c65e2\" data-element_type=\"widget\" data-e-type=\"widget\" data-widget_type=\"fluent-form-widget.default\">\n\t\t\t\t<div class=\"elementor-widget-container\">\n\t\t\t\t\t\n            <div class=\"fluentform-widget-wrapper hide-fluent-form-labels fluentform-widget-align-center\">\n\n            \n            <div class='fluentform ff-default fluentform_wrapper_6 ffs_default_wrap'><form data-form_id=\"6\" id=\"fluentform_6\" class=\"frm-fluent-form fluent_form_6 ff-el-form-top ff_form_instance_6_1 ff-form-loading ffs_default\" data-form_instance=\"ff_form_instance_6_1\" method=\"POST\" ><fieldset  style=\"border: none!important;margin: 0!important;padding: 0!important;background-color: transparent!important;box-shadow: none!important;outline: none!important; min-inline-size: 100%;\">\n                    <legend class=\"ff_screen_reader_title\" style=\"display: block; margin: 0!important;padding: 0!important;height: 0!important;text-indent: -999999px;width: 0!important;overflow:hidden;\">Newsletter<\/legend><input type='hidden' name='__fluent_form_embded_post_id' value='546' \/><input type=\"hidden\" id=\"_fluentform_6_fluentformnonce\" name=\"_fluentform_6_fluentformnonce\" value=\"3df3b14939\" \/><input type=\"hidden\" name=\"_wp_http_referer\" value=\"\/en\/wp-json\/wp\/v2\/pages\/546\" \/><div data-name=\"ff_cn_id_1\"  class='ff-t-container ff-column-container ff_columns_total_2 newsletter'><div class='ff-t-cell ff-t-column-1' style='flex-basis: 70%;'><div class='ff-el-group'><div class=\"ff-el-input--label ff-el-is-required asterisk-right\"><label for='ff_6_email' id='label_ff_6_email' aria-label=\"E-mail\">E-mail<\/label><\/div><div class='ff-el-input--content'><input type=\"email\" name=\"email\" id=\"ff_6_email\" class=\"ff-el-form-control\" placeholder=\"Email\" data-name=\"email\"  aria-invalid=\"false\" aria-required=true><\/div><\/div><\/div><div class='ff-t-cell ff-t-column-2' style='flex-basis: 30%;'><div class='ff-el-group ff-text-left ff_submit_btn_wrapper ff_submit_btn_wrapper_custom'><button class=\"ff-btn ff-btn-submit ff-btn-md ff_btn_style wpf_has_custom_css\" type=\"submit\" name=\"custom_submit_button-6_1\" data-name=\"custom_submit_button-6_1\"  aria-label=\"ISCRIVITI\">ISCRIVITI<\/button><style>form.fluent_form_6 .wpf_has_custom_css.ff-btn-submit { background-color:rgba(0, 0, 0, 1);border-color:rgba(0, 0, 0, 1);color:#ffffff;border-radius:0px;min-width:100%; }form.fluent_form_6 .wpf_has_custom_css.ff-btn-submit:hover { background-color:rgba(0, 0, 0, 1);border-color:rgba(0, 113, 255, 1);color:rgba(255, 255, 255, 1);min-width:100%; } <\/style><\/div><\/div><\/div><div class='ff-el-group    ff-el-input--content'><div class='ff-el-form-check ff-el-tc'><label aria-label='Terms and Conditions: Ho letto e accetto l&#039;informativa sulla privacy Contains 1 link. Use tab navigation to review.' class='ff-el-form-check-label ff_tc_label' for=terms-n-condition_58ae6320bb03dc4357394e920a4a8a06><span class='ff_tc_checkbox'><input type=\"checkbox\" name=\"terms-n-condition\" class=\"ff-el-form-check-input\" data-name=\"terms-n-condition\" id=\"terms-n-condition_58ae6320bb03dc4357394e920a4a8a06\"  value='on' aria-invalid='false' aria-required=true><\/span> <div class='ff_t_c'><p>Ho letto e accetto l'<a style=\"color: black\" href=\"https:\/\/nanosilk.sinapps.it\/privacy-policy\/\">informativa sulla privacy<\/a><\/p><\/div><\/label><\/div><\/div><\/fieldset><\/form><div id='fluentform_6_errors' class='ff-errors-in-stack ff_form_instance_6_1 ff-form-loading_errors ff_form_instance_6_1_errors'><\/div><\/div>            <script type=\"text\/javascript\">\n                window.fluent_form_ff_form_instance_6_1 = {\"id\":\"6\",\"settings\":{\"layout\":{\"labelPlacement\":\"top\",\"asteriskPlacement\":\"asterisk-right\",\"helpMessagePlacement\":\"with_label\",\"errorMessagePlacement\":\"inline\",\"cssClassName\":\"\"},\"restrictions\":{\"denyEmptySubmission\":{\"enabled\":false}}},\"form_instance\":\"ff_form_instance_6_1\",\"form_id_selector\":\"fluentform_6\",\"rules\":{\"email\":{\"required\":{\"value\":true,\"message\":\"This field is required\",\"global_message\":\"Questo campo \\u00e8 obbligatorio\",\"global\":true},\"email\":{\"value\":true,\"message\":\"This field must contain a valid email\",\"global_message\":\"Questo campo deve contenere un indirizzo email valido\",\"global\":true}},\"terms-n-condition\":{\"required\":{\"value\":true,\"message\":\"This field is required\",\"global_message\":\"Questo campo \\u00e8 obbligatorio\",\"global\":true}}},\"debounce_time\":300};\n                            <\/script>\n                        <\/div>\n\n            \t\t\t\t<\/div>\n\t\t\t\t<\/div>\n\t\t\t\t\t<\/div>\n\t\t\t\t<\/div>\n\t\t\t\t<\/div>\n\t\t","protected":false},"excerpt":{"rendered":"<p>Trova il Punto Vendita Nanosilk pi\u00f9 vicino a te Trova la localit\u00e0 pi\u00f9 vicina a te e unisciti a chi ha gi\u00e0 scelto il meglio per la cura dei capelli. Scrivici Contattaci info@nanosilk.it 3514630201 Ricevi il 10% di sconto sul tuo primo ordine Rimani aggiornata su offerte esclusive, novit\u00e0 in anteprima e consigli haircare firmati [&hellip;]<\/p>\n","protected":false},"author":1,"featured_media":0,"parent":0,"menu_order":0,"comment_status":"closed","ping_status":"closed","template":"","meta":{"_acf_changed":false,"footnotes":""},"class_list":["post-546","page","type-page","status-publish","hentry"],"acf":[],"yoast_head":"<!-- This site is optimized with the Yoast SEO plugin v27.3 - https:\/\/yoast.com\/product\/yoast-seo-wordpress\/ -->\n<title>Dove siamo | Nanosilk: Nanoplastia Professionale<\/title>\n<meta name=\"description\" content=\"Trova il salone pi\u00f9 vicino a te: scopri i saloni partner di Nanosilk che fanno trattamento Nanoplastia in Italia.\" \/>\n<meta name=\"robots\" content=\"noindex, follow, max-snippet:-1, max-image-preview:large, max-video-preview:-1\" \/>\n<meta property=\"og:locale\" content=\"en_GB\" \/>\n<meta property=\"og:type\" content=\"article\" \/>\n<meta property=\"og:title\" content=\"Dove siamo | Nanosilk: Nanoplastia Professionale\" \/>\n<meta property=\"og:description\" content=\"Trova il salone pi\u00f9 vicino a te: scopri i saloni partner di Nanosilk che fanno trattamento Nanoplastia in Italia.\" \/>\n<meta property=\"og:url\" content=\"https:\/\/nanosilk.sinapps.it\/en\/where-we-are\/\" \/>\n<meta property=\"og:site_name\" content=\"Nanosilk: Nanoplastia Professionale\" \/>\n<meta property=\"article:publisher\" content=\"https:\/\/www.facebook.com\/people\/Nanosilk-Nanoplastia\/61558693862124\/\" \/>\n<meta property=\"article:modified_time\" content=\"2025-11-20T12:20:44+00:00\" \/>\n<meta name=\"twitter:card\" content=\"summary_large_image\" \/>\n<meta name=\"twitter:label1\" content=\"Estimated reading time\" \/>\n\t<meta name=\"twitter:data1\" content=\"1 minute\" \/>\n<script type=\"application\/ld+json\" class=\"yoast-schema-graph\">{\"@context\":\"https:\\\/\\\/schema.org\",\"@graph\":[{\"@type\":[\"WebPage\",\"ContactPage\"],\"@id\":\"https:\\\/\\\/nanosilk.sinapps.it\\\/dove-siamo\\\/\",\"url\":\"https:\\\/\\\/nanosilk.sinapps.it\\\/dove-siamo\\\/\",\"name\":\"Dove siamo | Nanosilk: Nanoplastia Professionale\",\"isPartOf\":{\"@id\":\"https:\\\/\\\/nanosilk.sinapps.it\\\/#website\"},\"datePublished\":\"2025-07-04T09:42:38+00:00\",\"dateModified\":\"2025-11-20T12:20:44+00:00\",\"description\":\"Trova il salone pi\u00f9 vicino a te: scopri i saloni partner di Nanosilk che fanno trattamento Nanoplastia in Italia.\",\"breadcrumb\":{\"@id\":\"https:\\\/\\\/nanosilk.sinapps.it\\\/dove-siamo\\\/#breadcrumb\"},\"inLanguage\":\"en-GB\",\"potentialAction\":[{\"@type\":\"ReadAction\",\"target\":[\"https:\\\/\\\/nanosilk.sinapps.it\\\/dove-siamo\\\/\"]}]},{\"@type\":\"BreadcrumbList\",\"@id\":\"https:\\\/\\\/nanosilk.sinapps.it\\\/dove-siamo\\\/#breadcrumb\",\"itemListElement\":[{\"@type\":\"ListItem\",\"position\":1,\"name\":\"Home\",\"item\":\"https:\\\/\\\/nanosilk.sinapps.it\\\/\"},{\"@type\":\"ListItem\",\"position\":2,\"name\":\"Dove siamo\"}]},{\"@type\":\"WebSite\",\"@id\":\"https:\\\/\\\/nanosilk.sinapps.it\\\/#website\",\"url\":\"https:\\\/\\\/nanosilk.sinapps.it\\\/\",\"name\":\"Nanosilk: Nanoplastia Professionale\",\"description\":\"Trattamento ricostituente e lisciante per capelli Nanoplastia\",\"publisher\":{\"@id\":\"https:\\\/\\\/nanosilk.sinapps.it\\\/#organization\"},\"potentialAction\":[{\"@type\":\"SearchAction\",\"target\":{\"@type\":\"EntryPoint\",\"urlTemplate\":\"https:\\\/\\\/nanosilk.sinapps.it\\\/?s={search_term_string}\"},\"query-input\":{\"@type\":\"PropertyValueSpecification\",\"valueRequired\":true,\"valueName\":\"search_term_string\"}}],\"inLanguage\":\"en-GB\"},{\"@type\":\"Organization\",\"@id\":\"https:\\\/\\\/nanosilk.sinapps.it\\\/#organization\",\"name\":\"Nanosilk\",\"url\":\"https:\\\/\\\/nanosilk.sinapps.it\\\/\",\"logo\":{\"@type\":\"ImageObject\",\"inLanguage\":\"en-GB\",\"@id\":\"https:\\\/\\\/nanosilk.sinapps.it\\\/#\\\/schema\\\/logo\\\/image\\\/\",\"url\":\"https:\\\/\\\/nanosilk.sinapps.it\\\/wp-content\\\/uploads\\\/2025\\\/07\\\/logo-nero-ok.svg\",\"contentUrl\":\"https:\\\/\\\/nanosilk.sinapps.it\\\/wp-content\\\/uploads\\\/2025\\\/07\\\/logo-nero-ok.svg\",\"width\":141,\"height\":36,\"caption\":\"Nanosilk\"},\"image\":{\"@id\":\"https:\\\/\\\/nanosilk.sinapps.it\\\/#\\\/schema\\\/logo\\\/image\\\/\"},\"sameAs\":[\"https:\\\/\\\/www.facebook.com\\\/people\\\/Nanosilk-Nanoplastia\\\/61558693862124\\\/\",\"https:\\\/\\\/www.instagram.com\\\/nanosilk_\\\/\"]}]}<\/script>\n<!-- \/ Yoast SEO plugin. -->","yoast_head_json":{"title":"Dove siamo | Nanosilk: Nanoplastia Professionale","description":"Trova il salone pi\u00f9 vicino a te: scopri i saloni partner di Nanosilk che fanno trattamento Nanoplastia in Italia.","robots":{"index":"noindex","follow":"follow","max-snippet":"max-snippet:-1","max-image-preview":"max-image-preview:large","max-video-preview":"max-video-preview:-1"},"og_locale":"en_GB","og_type":"article","og_title":"Dove siamo | Nanosilk: Nanoplastia Professionale","og_description":"Trova il salone pi\u00f9 vicino a te: scopri i saloni partner di Nanosilk che fanno trattamento Nanoplastia in Italia.","og_url":"https:\/\/nanosilk.sinapps.it\/en\/where-we-are\/","og_site_name":"Nanosilk: Nanoplastia Professionale","article_publisher":"https:\/\/www.facebook.com\/people\/Nanosilk-Nanoplastia\/61558693862124\/","article_modified_time":"2025-11-20T12:20:44+00:00","twitter_card":"summary_large_image","twitter_misc":{"Estimated reading time":"1 minute"},"schema":{"@context":"https:\/\/schema.org","@graph":[{"@type":["WebPage","ContactPage"],"@id":"https:\/\/nanosilk.sinapps.it\/dove-siamo\/","url":"https:\/\/nanosilk.sinapps.it\/dove-siamo\/","name":"Dove siamo | Nanosilk: Nanoplastia Professionale","isPartOf":{"@id":"https:\/\/nanosilk.sinapps.it\/#website"},"datePublished":"2025-07-04T09:42:38+00:00","dateModified":"2025-11-20T12:20:44+00:00","description":"Trova il salone pi\u00f9 vicino a te: scopri i saloni partner di Nanosilk che fanno trattamento Nanoplastia in Italia.","breadcrumb":{"@id":"https:\/\/nanosilk.sinapps.it\/dove-siamo\/#breadcrumb"},"inLanguage":"en-GB","potentialAction":[{"@type":"ReadAction","target":["https:\/\/nanosilk.sinapps.it\/dove-siamo\/"]}]},{"@type":"BreadcrumbList","@id":"https:\/\/nanosilk.sinapps.it\/dove-siamo\/#breadcrumb","itemListElement":[{"@type":"ListItem","position":1,"name":"Home","item":"https:\/\/nanosilk.sinapps.it\/"},{"@type":"ListItem","position":2,"name":"Dove siamo"}]},{"@type":"WebSite","@id":"https:\/\/nanosilk.sinapps.it\/#website","url":"https:\/\/nanosilk.sinapps.it\/","name":"Nanosilk: Professional Nanoplasty","description":"Trattamento ricostituente e lisciante per capelli Nanoplastia","publisher":{"@id":"https:\/\/nanosilk.sinapps.it\/#organization"},"potentialAction":[{"@type":"SearchAction","target":{"@type":"EntryPoint","urlTemplate":"https:\/\/nanosilk.sinapps.it\/?s={search_term_string}"},"query-input":{"@type":"PropertyValueSpecification","valueRequired":true,"valueName":"search_term_string"}}],"inLanguage":"en-GB"},{"@type":"Organization","@id":"https:\/\/nanosilk.sinapps.it\/#organization","name":"Nanosilk","url":"https:\/\/nanosilk.sinapps.it\/","logo":{"@type":"ImageObject","inLanguage":"en-GB","@id":"https:\/\/nanosilk.sinapps.it\/#\/schema\/logo\/image\/","url":"https:\/\/nanosilk.sinapps.it\/wp-content\/uploads\/2025\/07\/logo-nero-ok.svg","contentUrl":"https:\/\/nanosilk.sinapps.it\/wp-content\/uploads\/2025\/07\/logo-nero-ok.svg","width":141,"height":36,"caption":"Nanosilk"},"image":{"@id":"https:\/\/nanosilk.sinapps.it\/#\/schema\/logo\/image\/"},"sameAs":["https:\/\/www.facebook.com\/people\/Nanosilk-Nanoplastia\/61558693862124\/","https:\/\/www.instagram.com\/nanosilk_\/"]}]}},"_links":{"self":[{"href":"https:\/\/nanosilk.sinapps.it\/en\/wp-json\/wp\/v2\/pages\/546","targetHints":{"allow":["GET"]}}],"collection":[{"href":"https:\/\/nanosilk.sinapps.it\/en\/wp-json\/wp\/v2\/pages"}],"about":[{"href":"https:\/\/nanosilk.sinapps.it\/en\/wp-json\/wp\/v2\/types\/page"}],"author":[{"embeddable":true,"href":"https:\/\/nanosilk.sinapps.it\/en\/wp-json\/wp\/v2\/users\/1"}],"replies":[{"embeddable":true,"href":"https:\/\/nanosilk.sinapps.it\/en\/wp-json\/wp\/v2\/comments?post=546"}],"version-history":[{"count":0,"href":"https:\/\/nanosilk.sinapps.it\/en\/wp-json\/wp\/v2\/pages\/546\/revisions"}],"wp:attachment":[{"href":"https:\/\/nanosilk.sinapps.it\/en\/wp-json\/wp\/v2\/media?parent=546"}],"curies":[{"name":"wp","href":"https:\/\/api.w.org\/{rel}","templated":true}]}}