{"id":679,"date":"2025-07-10T09:41:25","date_gmt":"2025-07-10T07:41:25","guid":{"rendered":"https:\/\/nanosilk.sinapps.it\/?page_id=679"},"modified":"2025-11-13T11:56:11","modified_gmt":"2025-11-13T10:56:11","slug":"blog","status":"publish","type":"page","link":"https:\/\/nanosilk.sinapps.it\/en\/blog\/","title":{"rendered":"Blog"},"content":{"rendered":"\t\t<div data-elementor-type=\"wp-page\" data-elementor-id=\"679\" class=\"elementor elementor-679\" data-elementor-post-type=\"page\">\n\t\t\t\t<div class=\"elementor-element elementor-element-5f09ee0 e-flex e-con-boxed e-con e-parent\" data-id=\"5f09ee0\" data-element_type=\"container\" data-e-type=\"container\">\n\t\t\t\t\t<div class=\"e-con-inner\">\n\t\t\t\t<div class=\"elementor-element elementor-element-7a6d5fd elementor-widget elementor-widget-heading\" data-id=\"7a6d5fd\" data-element_type=\"widget\" data-e-type=\"widget\" data-widget_type=\"heading.default\">\n\t\t\t\t<div class=\"elementor-widget-container\">\n\t\t\t\t\t<h2 class=\"elementor-heading-title elementor-size-default\">Il <span>Blog<\/span> Nanosilk <br>ti svela tutti i segreti e consigli <br>per capelli sani, curati e sempre perfetti!<\/h2>\t\t\t\t<\/div>\n\t\t\t\t<\/div>\n\t\t\t\t<div class=\"elementor-element elementor-element-ea160ab elementor-widget elementor-widget-jet-listing-grid\" data-id=\"ea160ab\" data-element_type=\"widget\" data-e-type=\"widget\" data-settings=\"{&quot;columns&quot;:3,&quot;columns_tablet&quot;:&quot;2&quot;,&quot;columns_mobile&quot;:&quot;1&quot;}\" data-widget_type=\"jet-listing-grid.default\">\n\t\t\t\t<div class=\"elementor-widget-container\">\n\t\t\t\t\t<div class=\"jet-listing-grid jet-listing\"><div class=\"jet-listing-grid__items grid-col-desk-3 grid-col-tablet-2 grid-col-mobile-1 jet-listing-grid--697\" data-queried-id=\"679|WP_Post\" data-nav=\"{&quot;enabled&quot;:true,&quot;type&quot;:&quot;click&quot;,&quot;more_el&quot;:&quot;#articoli-blog&quot;,&quot;query&quot;:{&quot;post_status&quot;:[&quot;publish&quot;],&quot;post_type&quot;:&quot;post&quot;,&quot;posts_per_page&quot;:&quot;5&quot;,&quot;paged&quot;:&quot;1&quot;,&quot;ignore_sticky_posts&quot;:&quot;1&quot;,&quot;suppress_filters&quot;:false,&quot;jet_smart_filters&quot;:&quot;jet-engine\\\/default&quot;,&quot;signature&quot;:&quot;72c2035a18be0f7c17c006c53b28b6f7e8e1e2643d4f26e5bfd926102ce03080&quot;},&quot;widget_settings&quot;:{&quot;lisitng_id&quot;:697,&quot;posts_num&quot;:5,&quot;columns&quot;:3,&quot;columns_tablet&quot;:2,&quot;columns_mobile&quot;:1,&quot;column_min_width&quot;:240,&quot;column_min_width_tablet&quot;:240,&quot;column_min_width_mobile&quot;:240,&quot;inline_columns_css&quot;:false,&quot;is_archive_template&quot;:&quot;&quot;,&quot;post_status&quot;:[&quot;publish&quot;],&quot;use_random_posts_num&quot;:&quot;&quot;,&quot;max_posts_num&quot;:9,&quot;not_found_message&quot;:&quot;No data was found&quot;,&quot;is_masonry&quot;:false,&quot;equal_columns_height&quot;:&quot;&quot;,&quot;use_load_more&quot;:&quot;yes&quot;,&quot;load_more_id&quot;:&quot;articoli-blog&quot;,&quot;load_more_type&quot;:&quot;click&quot;,&quot;load_more_offset&quot;:{&quot;unit&quot;:&quot;px&quot;,&quot;size&quot;:0,&quot;sizes&quot;:[]},&quot;use_custom_post_types&quot;:&quot;&quot;,&quot;custom_post_types&quot;:[],&quot;hide_widget_if&quot;:&quot;&quot;,&quot;carousel_enabled&quot;:&quot;&quot;,&quot;slides_to_scroll&quot;:&quot;1&quot;,&quot;arrows&quot;:&quot;true&quot;,&quot;arrow_icon&quot;:&quot;fa fa-angle-left&quot;,&quot;dots&quot;:&quot;&quot;,&quot;autoplay&quot;:&quot;true&quot;,&quot;pause_on_hover&quot;:&quot;true&quot;,&quot;autoplay_speed&quot;:5000,&quot;infinite&quot;:&quot;true&quot;,&quot;center_mode&quot;:&quot;&quot;,&quot;effect&quot;:&quot;slide&quot;,&quot;speed&quot;:500,&quot;inject_alternative_items&quot;:&quot;&quot;,&quot;injection_items&quot;:[],&quot;scroll_slider_enabled&quot;:&quot;&quot;,&quot;scroll_slider_on&quot;:[&quot;desktop&quot;,&quot;tablet&quot;,&quot;mobile&quot;],&quot;custom_query&quot;:false,&quot;custom_query_id&quot;:&quot;&quot;,&quot;_element_id&quot;:&quot;&quot;,&quot;collapse_first_last_gap&quot;:false,&quot;list_tag_selection&quot;:&quot;&quot;,&quot;list_items_wrapper_tag&quot;:&quot;div&quot;,&quot;list_item_tag&quot;:&quot;div&quot;,&quot;empty_items_wrapper_tag&quot;:&quot;div&quot;}}\" data-page=\"1\" data-pages=\"2\" data-listing-source=\"posts\" data-listing-id=\"697\" data-query-id=\"\"><div class=\"jet-listing-grid__item jet-listing-dynamic-post-4482\" data-post-id=\"4482\"  ><style type=\"text\/css\">.jet-listing-dynamic-post-4482 .elementor-element.elementor-element-23dd0a9:not(.elementor-motion-effects-element-type-background), .jet-listing-dynamic-post-4482 .elementor-element.elementor-element-23dd0a9 > .elementor-motion-effects-container > .elementor-motion-effects-layer{background-image:url(\"https:\/\/nanosilk.sinapps.it\/wp-content\/uploads\/2025\/12\/banner.jpg\");}<\/style><div class=\"jet-engine-listing-overlay-wrap\" data-url=\"https:\/\/nanosilk.sinapps.it\/en\/idee-regalo-capelli-le-box-nanosilk-che-illuminano-il-natale\/\">\t\t<div data-elementor-type=\"jet-listing-items\" data-elementor-id=\"697\" class=\"elementor elementor-697\" data-elementor-post-type=\"jet-engine\">\n\t\t\t\t<div class=\"elementor-element elementor-element-23dd0a9 e-flex e-con-boxed e-con e-parent\" data-id=\"23dd0a9\" data-element_type=\"container\" data-e-type=\"container\" data-settings=\"{&quot;background_background&quot;:&quot;classic&quot;}\">\n\t\t\t\t\t<div class=\"e-con-inner\">\n\t\t\t\t<div class=\"elementor-element elementor-element-fa8f364 elementor-widget elementor-widget-button\" data-id=\"fa8f364\" data-element_type=\"widget\" data-e-type=\"widget\" data-widget_type=\"button.default\">\n\t\t\t\t<div class=\"elementor-widget-container\">\n\t\t\t\t\t\t\t\t\t<div class=\"elementor-button-wrapper\">\n\t\t\t\t\t<a class=\"elementor-button elementor-button-link elementor-size-sm\" href=\"https:\/\/nanosilk.sinapps.it\/en\/idee-regalo-capelli-le-box-nanosilk-che-illuminano-il-natale\/\">\n\t\t\t\t\t\t<span class=\"elementor-button-content-wrapper\">\n\t\t\t\t\t\t\t\t\t<span class=\"elementor-button-text\">Leggi di pi\u00f9<\/span>\n\t\t\t\t\t<\/span>\n\t\t\t\t\t<\/a>\n\t\t\t\t<\/div>\n\t\t\t\t\t\t\t\t<\/div>\n\t\t\t\t<\/div>\n\t\t\t\t<div class=\"elementor-element elementor-element-3a22b78 elementor-widget elementor-widget-heading\" data-id=\"3a22b78\" data-element_type=\"widget\" data-e-type=\"widget\" data-widget_type=\"heading.default\">\n\t\t\t\t<div class=\"elementor-widget-container\">\n\t\t\t\t\t<h2 class=\"elementor-heading-title elementor-size-default\"><a href=\"https:\/\/nanosilk.sinapps.it\/en\/idee-regalo-capelli-le-box-nanosilk-che-illuminano-il-natale\/\">Idee regalo capelli: le box Nanosilk che illuminano il Natale<\/a><\/h2>\t\t\t\t<\/div>\n\t\t\t\t<\/div>\n\t\t\t\t\t<\/div>\n\t\t\t\t<\/div>\n\t\t\t\t<\/div>\n\t\t<a href=\"https:\/\/nanosilk.sinapps.it\/en\/idee-regalo-capelli-le-box-nanosilk-che-illuminano-il-natale\/\" class=\"jet-engine-listing-overlay-link\"><\/a><\/div><\/div><div class=\"jet-listing-grid__item jet-listing-dynamic-post-2252\" data-post-id=\"2252\"  ><style type=\"text\/css\">.jet-listing-dynamic-post-2252 .elementor-element.elementor-element-23dd0a9:not(.elementor-motion-effects-element-type-background), .jet-listing-dynamic-post-2252 .elementor-element.elementor-element-23dd0a9 > .elementor-motion-effects-container > .elementor-motion-effects-layer{background-image:url(\"https:\/\/nanosilk.sinapps.it\/wp-content\/uploads\/2025\/07\/doppie_punte.webp\");}<\/style><div class=\"jet-engine-listing-overlay-wrap\" data-url=\"https:\/\/nanosilk.sinapps.it\/en\/doppie-punte-no-grazie\/\">\t\t<div data-elementor-type=\"jet-listing-items\" data-elementor-id=\"697\" class=\"elementor elementor-697\" data-elementor-post-type=\"jet-engine\">\n\t\t\t\t<div class=\"elementor-element elementor-element-23dd0a9 e-flex e-con-boxed e-con e-parent\" data-id=\"23dd0a9\" data-element_type=\"container\" data-e-type=\"container\" data-settings=\"{&quot;background_background&quot;:&quot;classic&quot;}\">\n\t\t\t\t\t<div class=\"e-con-inner\">\n\t\t\t\t<div class=\"elementor-element elementor-element-fa8f364 elementor-widget elementor-widget-button\" data-id=\"fa8f364\" data-element_type=\"widget\" data-e-type=\"widget\" data-widget_type=\"button.default\">\n\t\t\t\t<div class=\"elementor-widget-container\">\n\t\t\t\t\t\t\t\t\t<div class=\"elementor-button-wrapper\">\n\t\t\t\t\t<a class=\"elementor-button elementor-button-link elementor-size-sm\" href=\"https:\/\/nanosilk.sinapps.it\/en\/doppie-punte-no-grazie\/\">\n\t\t\t\t\t\t<span class=\"elementor-button-content-wrapper\">\n\t\t\t\t\t\t\t\t\t<span class=\"elementor-button-text\">Leggi di pi\u00f9<\/span>\n\t\t\t\t\t<\/span>\n\t\t\t\t\t<\/a>\n\t\t\t\t<\/div>\n\t\t\t\t\t\t\t\t<\/div>\n\t\t\t\t<\/div>\n\t\t\t\t<div class=\"elementor-element elementor-element-3a22b78 elementor-widget elementor-widget-heading\" data-id=\"3a22b78\" data-element_type=\"widget\" data-e-type=\"widget\" data-widget_type=\"heading.default\">\n\t\t\t\t<div class=\"elementor-widget-container\">\n\t\t\t\t\t<h2 class=\"elementor-heading-title elementor-size-default\"><a href=\"https:\/\/nanosilk.sinapps.it\/en\/doppie-punte-no-grazie\/\">Doppie punte? No grazie!<\/a><\/h2>\t\t\t\t<\/div>\n\t\t\t\t<\/div>\n\t\t\t\t\t<\/div>\n\t\t\t\t<\/div>\n\t\t\t\t<\/div>\n\t\t<a href=\"https:\/\/nanosilk.sinapps.it\/en\/doppie-punte-no-grazie\/\" class=\"jet-engine-listing-overlay-link\"><\/a><\/div><\/div><div class=\"jet-listing-grid__item jet-listing-dynamic-post-2249\" data-post-id=\"2249\"  ><style type=\"text\/css\">.jet-listing-dynamic-post-2249 .elementor-element.elementor-element-23dd0a9:not(.elementor-motion-effects-element-type-background), .jet-listing-dynamic-post-2249 .elementor-element.elementor-element-23dd0a9 > .elementor-motion-effects-container > .elementor-motion-effects-layer{background-image:url(\"https:\/\/nanosilk.sinapps.it\/wp-content\/uploads\/2025\/07\/capelli-ciclo.jpg\");}<\/style><div class=\"jet-engine-listing-overlay-wrap\" data-url=\"https:\/\/nanosilk.sinapps.it\/en\/ciclo-e-capelli\/\">\t\t<div data-elementor-type=\"jet-listing-items\" data-elementor-id=\"697\" class=\"elementor elementor-697\" data-elementor-post-type=\"jet-engine\">\n\t\t\t\t<div class=\"elementor-element elementor-element-23dd0a9 e-flex e-con-boxed e-con e-parent\" data-id=\"23dd0a9\" data-element_type=\"container\" data-e-type=\"container\" data-settings=\"{&quot;background_background&quot;:&quot;classic&quot;}\">\n\t\t\t\t\t<div class=\"e-con-inner\">\n\t\t\t\t<div class=\"elementor-element elementor-element-fa8f364 elementor-widget elementor-widget-button\" data-id=\"fa8f364\" data-element_type=\"widget\" data-e-type=\"widget\" data-widget_type=\"button.default\">\n\t\t\t\t<div class=\"elementor-widget-container\">\n\t\t\t\t\t\t\t\t\t<div class=\"elementor-button-wrapper\">\n\t\t\t\t\t<a class=\"elementor-button elementor-button-link elementor-size-sm\" href=\"https:\/\/nanosilk.sinapps.it\/en\/ciclo-e-capelli\/\">\n\t\t\t\t\t\t<span class=\"elementor-button-content-wrapper\">\n\t\t\t\t\t\t\t\t\t<span class=\"elementor-button-text\">Leggi di pi\u00f9<\/span>\n\t\t\t\t\t<\/span>\n\t\t\t\t\t<\/a>\n\t\t\t\t<\/div>\n\t\t\t\t\t\t\t\t<\/div>\n\t\t\t\t<\/div>\n\t\t\t\t<div class=\"elementor-element elementor-element-3a22b78 elementor-widget elementor-widget-heading\" data-id=\"3a22b78\" data-element_type=\"widget\" data-e-type=\"widget\" data-widget_type=\"heading.default\">\n\t\t\t\t<div class=\"elementor-widget-container\">\n\t\t\t\t\t<h2 class=\"elementor-heading-title elementor-size-default\"><a href=\"https:\/\/nanosilk.sinapps.it\/en\/ciclo-e-capelli\/\">Ciclo e capelli!<\/a><\/h2>\t\t\t\t<\/div>\n\t\t\t\t<\/div>\n\t\t\t\t\t<\/div>\n\t\t\t\t<\/div>\n\t\t\t\t<\/div>\n\t\t<a href=\"https:\/\/nanosilk.sinapps.it\/en\/ciclo-e-capelli\/\" class=\"jet-engine-listing-overlay-link\"><\/a><\/div><\/div><div class=\"jet-listing-grid__item jet-listing-dynamic-post-762\" data-post-id=\"762\"  ><style type=\"text\/css\">.jet-listing-dynamic-post-762 .elementor-element.elementor-element-23dd0a9:not(.elementor-motion-effects-element-type-background), .jet-listing-dynamic-post-762 .elementor-element.elementor-element-23dd0a9 > .elementor-motion-effects-container > .elementor-motion-effects-layer{background-image:url(\"https:\/\/nanosilk.sinapps.it\/wp-content\/uploads\/2025\/07\/conosci-la-differenza-tra-balsamo-maschera-e-trattamenti-ristrutturanti.webp\");}<\/style><div class=\"jet-engine-listing-overlay-wrap\" data-url=\"https:\/\/nanosilk.sinapps.it\/en\/conosci-la-differenza-tra-balsamo-maschera-e-trattamenti-ristrutturanti\/\">\t\t<div data-elementor-type=\"jet-listing-items\" data-elementor-id=\"697\" class=\"elementor elementor-697\" data-elementor-post-type=\"jet-engine\">\n\t\t\t\t<div class=\"elementor-element elementor-element-23dd0a9 e-flex e-con-boxed e-con e-parent\" data-id=\"23dd0a9\" data-element_type=\"container\" data-e-type=\"container\" data-settings=\"{&quot;background_background&quot;:&quot;classic&quot;}\">\n\t\t\t\t\t<div class=\"e-con-inner\">\n\t\t\t\t<div class=\"elementor-element elementor-element-fa8f364 elementor-widget elementor-widget-button\" data-id=\"fa8f364\" data-element_type=\"widget\" data-e-type=\"widget\" data-widget_type=\"button.default\">\n\t\t\t\t<div class=\"elementor-widget-container\">\n\t\t\t\t\t\t\t\t\t<div class=\"elementor-button-wrapper\">\n\t\t\t\t\t<a class=\"elementor-button elementor-button-link elementor-size-sm\" href=\"https:\/\/nanosilk.sinapps.it\/en\/conosci-la-differenza-tra-balsamo-maschera-e-trattamenti-ristrutturanti\/\">\n\t\t\t\t\t\t<span class=\"elementor-button-content-wrapper\">\n\t\t\t\t\t\t\t\t\t<span class=\"elementor-button-text\">Leggi di pi\u00f9<\/span>\n\t\t\t\t\t<\/span>\n\t\t\t\t\t<\/a>\n\t\t\t\t<\/div>\n\t\t\t\t\t\t\t\t<\/div>\n\t\t\t\t<\/div>\n\t\t\t\t<div class=\"elementor-element elementor-element-3a22b78 elementor-widget elementor-widget-heading\" data-id=\"3a22b78\" data-element_type=\"widget\" data-e-type=\"widget\" data-widget_type=\"heading.default\">\n\t\t\t\t<div class=\"elementor-widget-container\">\n\t\t\t\t\t<h2 class=\"elementor-heading-title elementor-size-default\"><a href=\"https:\/\/nanosilk.sinapps.it\/en\/conosci-la-differenza-tra-balsamo-maschera-e-trattamenti-ristrutturanti\/\">Conosci la Differenza tra Balsamo, Maschera e Trattamenti Ristrutturanti?<\/a><\/h2>\t\t\t\t<\/div>\n\t\t\t\t<\/div>\n\t\t\t\t\t<\/div>\n\t\t\t\t<\/div>\n\t\t\t\t<\/div>\n\t\t<a href=\"https:\/\/nanosilk.sinapps.it\/en\/conosci-la-differenza-tra-balsamo-maschera-e-trattamenti-ristrutturanti\/\" class=\"jet-engine-listing-overlay-link\"><\/a><\/div><\/div><div class=\"jet-listing-grid__item jet-listing-dynamic-post-748\" data-post-id=\"748\"  ><style type=\"text\/css\">.jet-listing-dynamic-post-748 .elementor-element.elementor-element-23dd0a9:not(.elementor-motion-effects-element-type-background), .jet-listing-dynamic-post-748 .elementor-element.elementor-element-23dd0a9 > .elementor-motion-effects-container > .elementor-motion-effects-layer{background-image:url(\"https:\/\/nanosilk.sinapps.it\/wp-content\/uploads\/2025\/07\/la-salsedine-il-sole-e-il-mare-rovinano-i-capelli-2.webp\");}<\/style><div class=\"jet-engine-listing-overlay-wrap\" data-url=\"https:\/\/nanosilk.sinapps.it\/en\/la-salsedine-il-sole-e-il-mare-rovinano-i-capelli\/\">\t\t<div data-elementor-type=\"jet-listing-items\" data-elementor-id=\"697\" class=\"elementor elementor-697\" data-elementor-post-type=\"jet-engine\">\n\t\t\t\t<div class=\"elementor-element elementor-element-23dd0a9 e-flex e-con-boxed e-con e-parent\" data-id=\"23dd0a9\" data-element_type=\"container\" data-e-type=\"container\" data-settings=\"{&quot;background_background&quot;:&quot;classic&quot;}\">\n\t\t\t\t\t<div class=\"e-con-inner\">\n\t\t\t\t<div class=\"elementor-element elementor-element-fa8f364 elementor-widget elementor-widget-button\" data-id=\"fa8f364\" data-element_type=\"widget\" data-e-type=\"widget\" data-widget_type=\"button.default\">\n\t\t\t\t<div class=\"elementor-widget-container\">\n\t\t\t\t\t\t\t\t\t<div class=\"elementor-button-wrapper\">\n\t\t\t\t\t<a class=\"elementor-button elementor-button-link elementor-size-sm\" href=\"https:\/\/nanosilk.sinapps.it\/en\/la-salsedine-il-sole-e-il-mare-rovinano-i-capelli\/\">\n\t\t\t\t\t\t<span class=\"elementor-button-content-wrapper\">\n\t\t\t\t\t\t\t\t\t<span class=\"elementor-button-text\">Leggi di pi\u00f9<\/span>\n\t\t\t\t\t<\/span>\n\t\t\t\t\t<\/a>\n\t\t\t\t<\/div>\n\t\t\t\t\t\t\t\t<\/div>\n\t\t\t\t<\/div>\n\t\t\t\t<div class=\"elementor-element elementor-element-3a22b78 elementor-widget elementor-widget-heading\" data-id=\"3a22b78\" data-element_type=\"widget\" data-e-type=\"widget\" data-widget_type=\"heading.default\">\n\t\t\t\t<div class=\"elementor-widget-container\">\n\t\t\t\t\t<h2 class=\"elementor-heading-title elementor-size-default\"><a href=\"https:\/\/nanosilk.sinapps.it\/en\/la-salsedine-il-sole-e-il-mare-rovinano-i-capelli\/\">La salsedine, il sole e il mare rovinano i capelli?<\/a><\/h2>\t\t\t\t<\/div>\n\t\t\t\t<\/div>\n\t\t\t\t\t<\/div>\n\t\t\t\t<\/div>\n\t\t\t\t<\/div>\n\t\t<a href=\"https:\/\/nanosilk.sinapps.it\/en\/la-salsedine-il-sole-e-il-mare-rovinano-i-capelli\/\" class=\"jet-engine-listing-overlay-link\"><\/a><\/div><\/div><\/div><\/div>\t\t\t\t<\/div>\n\t\t\t\t<\/div>\n\t\t\t\t<div class=\"elementor-element elementor-element-3f43c2e elementor-view-stacked elementor-shape-circle elementor-widget elementor-widget-icon\" data-id=\"3f43c2e\" data-element_type=\"widget\" data-e-type=\"widget\" id=\"articoli-blog\" data-widget_type=\"icon.default\">\n\t\t\t\t<div class=\"elementor-widget-container\">\n\t\t\t\t\t\t\t<div class=\"elementor-icon-wrapper\">\n\t\t\t<div class=\"elementor-icon elementor-animation-grow\">\n\t\t\t<svg xmlns=\"http:\/\/www.w3.org\/2000\/svg\" width=\"16\" height=\"26\" viewBox=\"0 0 16 26\" fill=\"none\"><g clip-path=\"url(#clip0_272_192)\"><path d=\"M6.95926 24.0596C7.32412 24.4277 7.91567 24.4277 8.28054 24.0596L14.2264 18.0588C14.5912 17.6905 14.5912 17.0935 14.2264 16.7253C13.8615 16.357 13.2699 16.357 12.9051 16.7253L7.6199 22.0593L2.33473 16.7253C1.96987 16.357 1.37831 16.357 1.01345 16.7253C0.64857 17.0935 0.64857 17.6905 1.01345 18.0588L6.95926 24.0596ZM6.6856 0.762695L6.6856 23.3927L8.55419 23.3927L8.55419 0.762695L6.6856 0.762695Z\" fill=\"white\"><\/path><\/g><defs><clipPath id=\"clip0_272_192\"><rect width=\"24.5159\" height=\"14.9487\" fill=\"white\" transform=\"translate(15.0938 0.762695) rotate(90)\"><\/rect><\/clipPath><\/defs><\/svg>\t\t\t<\/div>\n\t\t<\/div>\n\t\t\t\t\t\t<\/div>\n\t\t\t\t<\/div>\n\t\t\t\t\t<\/div>\n\t\t\t\t<\/div>\n\t\t\t\t<\/div>\n\t\t","protected":false},"excerpt":{"rendered":"<p>Il Blog Nanosilk ti svela tutti i segreti e consigli per capelli sani, curati e sempre perfetti! Leggi di pi\u00f9 Leggi di pi\u00f9 Leggi di pi\u00f9 Leggi di pi\u00f9 Leggi di pi\u00f9<\/p>","protected":false},"author":1,"featured_media":0,"parent":0,"menu_order":0,"comment_status":"closed","ping_status":"closed","template":"","meta":{"_acf_changed":false,"footnotes":""},"class_list":["post-679","page","type-page","status-publish","hentry"],"acf":[],"yoast_head":"<!-- This site is optimized with the Yoast SEO plugin v27.3 - https:\/\/yoast.com\/product\/yoast-seo-wordpress\/ -->\n<title>Blog Nanoplastia: Guide e Consigli Professionali | Nanosilk: Nanoplastia Professionale<\/title>\n<meta name=\"description\" content=\"Scopri articoli e guide dedicate alla Nanoplastia: consigli, novit\u00e0 e approfondimenti per conoscere e mantenere al meglio il trattamento.\" \/>\n<meta name=\"robots\" content=\"noindex, follow, max-snippet:-1, max-image-preview:large, max-video-preview:-1\" \/>\n<meta property=\"og:locale\" content=\"en_GB\" \/>\n<meta property=\"og:type\" content=\"article\" \/>\n<meta property=\"og:title\" content=\"Blog Nanoplastia: Guide e Consigli Professionali | Nanosilk: Nanoplastia Professionale\" \/>\n<meta property=\"og:description\" content=\"Scopri articoli e guide dedicate alla Nanoplastia: consigli, novit\u00e0 e approfondimenti per conoscere e mantenere al meglio il trattamento.\" \/>\n<meta property=\"og:url\" content=\"https:\/\/nanosilk.sinapps.it\/en\/blog\/\" \/>\n<meta property=\"og:site_name\" content=\"Nanosilk: Nanoplastia Professionale\" \/>\n<meta property=\"article:publisher\" content=\"https:\/\/www.facebook.com\/people\/Nanosilk-Nanoplastia\/61558693862124\/\" \/>\n<meta property=\"article:modified_time\" content=\"2025-11-13T10:56:11+00:00\" \/>\n<meta name=\"twitter:card\" content=\"summary_large_image\" \/>\n<meta name=\"twitter:label1\" content=\"Estimated reading time\" \/>\n\t<meta name=\"twitter:data1\" content=\"1 minute\" \/>\n<script type=\"application\/ld+json\" class=\"yoast-schema-graph\">{\"@context\":\"https:\\\/\\\/schema.org\",\"@graph\":[{\"@type\":[\"WebPage\",\"CollectionPage\"],\"@id\":\"https:\\\/\\\/nanosilk.sinapps.it\\\/blog\\\/\",\"url\":\"https:\\\/\\\/nanosilk.sinapps.it\\\/blog\\\/\",\"name\":\"Blog Nanoplastia: Guide e Consigli Professionali | Nanosilk: Nanoplastia Professionale\",\"isPartOf\":{\"@id\":\"https:\\\/\\\/nanosilk.sinapps.it\\\/#website\"},\"datePublished\":\"2025-07-10T07:41:25+00:00\",\"dateModified\":\"2025-11-13T10:56:11+00:00\",\"description\":\"Scopri articoli e guide dedicate alla Nanoplastia: consigli, novit\u00e0 e approfondimenti per conoscere e mantenere al meglio il trattamento.\",\"breadcrumb\":{\"@id\":\"https:\\\/\\\/nanosilk.sinapps.it\\\/blog\\\/#breadcrumb\"},\"inLanguage\":\"en-GB\"},{\"@type\":\"BreadcrumbList\",\"@id\":\"https:\\\/\\\/nanosilk.sinapps.it\\\/blog\\\/#breadcrumb\",\"itemListElement\":[{\"@type\":\"ListItem\",\"position\":1,\"name\":\"Home\",\"item\":\"https:\\\/\\\/nanosilk.sinapps.it\\\/\"},{\"@type\":\"ListItem\",\"position\":2,\"name\":\"Blog\"}]},{\"@type\":\"WebSite\",\"@id\":\"https:\\\/\\\/nanosilk.sinapps.it\\\/#website\",\"url\":\"https:\\\/\\\/nanosilk.sinapps.it\\\/\",\"name\":\"Nanosilk: Nanoplastia Professionale\",\"description\":\"Trattamento ricostituente e lisciante per capelli Nanoplastia\",\"publisher\":{\"@id\":\"https:\\\/\\\/nanosilk.sinapps.it\\\/#organization\"},\"potentialAction\":[{\"@type\":\"SearchAction\",\"target\":{\"@type\":\"EntryPoint\",\"urlTemplate\":\"https:\\\/\\\/nanosilk.sinapps.it\\\/?s={search_term_string}\"},\"query-input\":{\"@type\":\"PropertyValueSpecification\",\"valueRequired\":true,\"valueName\":\"search_term_string\"}}],\"inLanguage\":\"en-GB\"},{\"@type\":\"Organization\",\"@id\":\"https:\\\/\\\/nanosilk.sinapps.it\\\/#organization\",\"name\":\"Nanosilk\",\"url\":\"https:\\\/\\\/nanosilk.sinapps.it\\\/\",\"logo\":{\"@type\":\"ImageObject\",\"inLanguage\":\"en-GB\",\"@id\":\"https:\\\/\\\/nanosilk.sinapps.it\\\/#\\\/schema\\\/logo\\\/image\\\/\",\"url\":\"https:\\\/\\\/nanosilk.sinapps.it\\\/wp-content\\\/uploads\\\/2025\\\/07\\\/logo-nero-ok.svg\",\"contentUrl\":\"https:\\\/\\\/nanosilk.sinapps.it\\\/wp-content\\\/uploads\\\/2025\\\/07\\\/logo-nero-ok.svg\",\"width\":141,\"height\":36,\"caption\":\"Nanosilk\"},\"image\":{\"@id\":\"https:\\\/\\\/nanosilk.sinapps.it\\\/#\\\/schema\\\/logo\\\/image\\\/\"},\"sameAs\":[\"https:\\\/\\\/www.facebook.com\\\/people\\\/Nanosilk-Nanoplastia\\\/61558693862124\\\/\",\"https:\\\/\\\/www.instagram.com\\\/nanosilk_\\\/\"]}]}<\/script>\n<!-- \/ Yoast SEO plugin. -->","yoast_head_json":{"title":"Blog | Nanosilk: Professional Nanoplasty","description":"Explore articles and insights on Nanoplasty by Nanosilk: professional advice, updates and helpful content for both salons and clients.","robots":{"index":"noindex","follow":"follow","max-snippet":"max-snippet:-1","max-image-preview":"max-image-preview:large","max-video-preview":"max-video-preview:-1"},"og_locale":"en_GB","og_type":"article","og_title":"Blog Nanoplastia: Guide e Consigli Professionali | Nanosilk: Nanoplastia Professionale","og_description":"Scopri articoli e guide dedicate alla Nanoplastia: consigli, novit\u00e0 e approfondimenti per conoscere e mantenere al meglio il trattamento.","og_url":"https:\/\/nanosilk.sinapps.it\/en\/blog\/","og_site_name":"Nanosilk: Nanoplastia Professionale","article_publisher":"https:\/\/www.facebook.com\/people\/Nanosilk-Nanoplastia\/61558693862124\/","article_modified_time":"2025-11-13T10:56:11+00:00","twitter_card":"summary_large_image","twitter_misc":{"Estimated reading time":"1 minute"},"schema":{"@context":"https:\/\/schema.org","@graph":[{"@type":["WebPage","CollectionPage"],"@id":"https:\/\/nanosilk.sinapps.it\/blog\/","url":"https:\/\/nanosilk.sinapps.it\/blog\/","name":"Blog | Nanosilk: Professional Nanoplasty","isPartOf":{"@id":"https:\/\/nanosilk.sinapps.it\/#website"},"datePublished":"2025-07-10T07:41:25+00:00","dateModified":"2025-11-13T10:56:11+00:00","description":"Explore articles and insights on Nanoplasty by Nanosilk: professional advice, updates and helpful content for both salons and clients.","breadcrumb":{"@id":"https:\/\/nanosilk.sinapps.it\/blog\/#breadcrumb"},"inLanguage":"en-GB"},{"@type":"BreadcrumbList","@id":"https:\/\/nanosilk.sinapps.it\/blog\/#breadcrumb","itemListElement":[{"@type":"ListItem","position":1,"name":"Home","item":"https:\/\/nanosilk.sinapps.it\/"},{"@type":"ListItem","position":2,"name":"Blog"}]},{"@type":"WebSite","@id":"https:\/\/nanosilk.sinapps.it\/#website","url":"https:\/\/nanosilk.sinapps.it\/","name":"Nanosilk: Professional Nanoplasty","description":"Trattamento ricostituente e lisciante per capelli Nanoplastia","publisher":{"@id":"https:\/\/nanosilk.sinapps.it\/#organization"},"potentialAction":[{"@type":"SearchAction","target":{"@type":"EntryPoint","urlTemplate":"https:\/\/nanosilk.sinapps.it\/?s={search_term_string}"},"query-input":{"@type":"PropertyValueSpecification","valueRequired":true,"valueName":"search_term_string"}}],"inLanguage":"en-GB"},{"@type":"Organization","@id":"https:\/\/nanosilk.sinapps.it\/#organization","name":"Nanosilk","url":"https:\/\/nanosilk.sinapps.it\/","logo":{"@type":"ImageObject","inLanguage":"en-GB","@id":"https:\/\/nanosilk.sinapps.it\/#\/schema\/logo\/image\/","url":"https:\/\/nanosilk.sinapps.it\/wp-content\/uploads\/2025\/07\/logo-nero-ok.svg","contentUrl":"https:\/\/nanosilk.sinapps.it\/wp-content\/uploads\/2025\/07\/logo-nero-ok.svg","width":141,"height":36,"caption":"Nanosilk"},"image":{"@id":"https:\/\/nanosilk.sinapps.it\/#\/schema\/logo\/image\/"},"sameAs":["https:\/\/www.facebook.com\/people\/Nanosilk-Nanoplastia\/61558693862124\/","https:\/\/www.instagram.com\/nanosilk_\/"]}]}},"_links":{"self":[{"href":"https:\/\/nanosilk.sinapps.it\/en\/wp-json\/wp\/v2\/pages\/679","targetHints":{"allow":["GET"]}}],"collection":[{"href":"https:\/\/nanosilk.sinapps.it\/en\/wp-json\/wp\/v2\/pages"}],"about":[{"href":"https:\/\/nanosilk.sinapps.it\/en\/wp-json\/wp\/v2\/types\/page"}],"author":[{"embeddable":true,"href":"https:\/\/nanosilk.sinapps.it\/en\/wp-json\/wp\/v2\/users\/1"}],"replies":[{"embeddable":true,"href":"https:\/\/nanosilk.sinapps.it\/en\/wp-json\/wp\/v2\/comments?post=679"}],"version-history":[{"count":0,"href":"https:\/\/nanosilk.sinapps.it\/en\/wp-json\/wp\/v2\/pages\/679\/revisions"}],"wp:attachment":[{"href":"https:\/\/nanosilk.sinapps.it\/en\/wp-json\/wp\/v2\/media?parent=679"}],"curies":[{"name":"wp","href":"https:\/\/api.w.org\/{rel}","templated":true}]}}